{"id":419,"date":"2019-12-10T12:50:34","date_gmt":"2019-12-10T11:50:34","guid":{"rendered":"https:\/\/propertiespain.com\/legal-advice\/"},"modified":"2020-02-13T09:55:00","modified_gmt":"2020-02-13T08:55:00","slug":"aviso-legal","status":"publish","type":"page","link":"https:\/\/propertiespain.com\/es\/aviso-legal\/","title":{"rendered":"Aviso Legal"},"content":{"rendered":"<p>Le informamos que sus datos ser\u00e1n tratados, conforme a lo previsto en la Ley 15\/1999 de Protecci\u00f3n de Datos, y ser\u00e1n incluidos en un fichero inscrito en el Registro General de la Agencia de Protecci\u00f3n de Datos cuyo responsable es Propertiespain. Estos datos ser\u00e1n almacenados en dicho fichero durante el per\u00edodo de actividad de la empresa. La finalidad de la recogida de datos ser\u00e1 la gesti\u00f3n comercial y administrativa de los mismos y la posibilidad de ofrecerle e informarle sobre nuestros productos y servicios, incluso por medios electr\u00f3nicos. Usted podr\u00e1 revocar su consentimiento en cualquier momento y ejercer los derechos de acceso, rectificaci\u00f3n, cancelaci\u00f3n u oposici\u00f3n (ARCO), dirigiendo un escrito a la siguiente direcci\u00f3n de correo electr\u00f3nico: <a href=\"mailto:info@propertiespain.com\">info@propertiespain.com<\/a><\/p>\n","protected":false},"excerpt":{"rendered":"<p>Le informamos que sus datos ser\u00e1n tratados, conforme a lo previsto en la Ley 15\/1999 de Protecci\u00f3n de Datos, y ser\u00e1n incluidos en un fichero inscrito en el Registro General de la Agencia de Protecci\u00f3n de Datos cuyo responsable es Propertiespain. Estos datos ser\u00e1n almacenados en dicho fichero durante el per\u00edodo de actividad de la [&hellip;]<\/p>\n","protected":false},"author":1,"featured_media":0,"parent":0,"menu_order":0,"comment_status":"closed","ping_status":"closed","template":"templates\/legal.php","meta":{"footnotes":""},"aioseo_notices":[],"_links":{"self":[{"href":"https:\/\/propertiespain.com\/es\/wp-json\/wp\/v2\/pages\/419"}],"collection":[{"href":"https:\/\/propertiespain.com\/es\/wp-json\/wp\/v2\/pages"}],"about":[{"href":"https:\/\/propertiespain.com\/es\/wp-json\/wp\/v2\/types\/page"}],"author":[{"embeddable":true,"href":"https:\/\/propertiespain.com\/es\/wp-json\/wp\/v2\/users\/1"}],"replies":[{"embeddable":true,"href":"https:\/\/propertiespain.com\/es\/wp-json\/wp\/v2\/comments?post=419"}],"version-history":[{"count":4,"href":"https:\/\/propertiespain.com\/es\/wp-json\/wp\/v2\/pages\/419\/revisions"}],"predecessor-version":[{"id":716,"href":"https:\/\/propertiespain.com\/es\/wp-json\/wp\/v2\/pages\/419\/revisions\/716"}],"wp:attachment":[{"href":"https:\/\/propertiespain.com\/es\/wp-json\/wp\/v2\/media?parent=419"}],"curies":[{"name":"wp","href":"https:\/\/api.w.org\/{rel}","templated":true}]}}