{"id":34,"date":"2019-12-10T11:55:06","date_gmt":"2019-12-10T10:55:06","guid":{"rendered":"https:\/\/propertiespain.com\/politica-privacidad\/"},"modified":"2020-02-13T09:53:14","modified_gmt":"2020-02-13T08:53:14","slug":"politica-privacidad","status":"publish","type":"page","link":"https:\/\/propertiespain.com\/es\/politica-privacidad\/","title":{"rendered":"Pol\u00edtica de privacidad"},"content":{"rendered":"<p>Desde Propertiespain, tomamos muy en serio la privacidad de los usuarios de nuestra p\u00e1gina web. Reconocemos que cuando nos proporciona datos sobre usted o su negocio, espera que actuemos de forma responsable, nuestro compromiso es asegurarnos de ganar esa confianza.<\/p>\n<p>Nuestra pol\u00edtica de c\u00f3mo usamos la informaci\u00f3n que usted nos proporciona, o recogemos a trav\u00e9s del uso de nuestra p\u00e1gina web, se expone a continuaci\u00f3n. Tenga en cuenta que al visitar nuestro sitio web, usted acepta las pr\u00e1cticas descritas en este aviso.<\/p>\n<p><strong>La informaci\u00f3n que recogemos<\/strong><\/p>\n<p>Cuando visita nuestra p\u00e1gina web, recopilamos informaci\u00f3n que nos ayuda a entender c\u00f3mo es utilizado nuestro sitio, para poder hacerlo m\u00e1s \u00fatil y valioso con el tiempo. Ninguna informaci\u00f3n recabada por este medio, puede directa o indirectamente rastrear a un usuario. Adem\u00e1s de recoger informaci\u00f3n b\u00e1sica sobre su uso, tambi\u00e9n obtenemos informaci\u00f3n que nos ayuda a controlar el tr\u00e1fico en la red y nos permite identificar la actividad no autorizada o inusual en el sitio.<\/p>\n<p><strong>La informaci\u00f3n espec\u00edfica que recogemos incluye:<\/strong><\/p>\n<p>Nombre del dominio y el host desde el que accede a Internet<br \/>\nDirecci\u00f3n de protocolo de Internet del servidor host que est\u00e1 utilizando<br \/>\nNombre y versi\u00f3n de su navegador web<br \/>\nFecha y hora de acceso a nuestro sitio web<br \/>\nLa direcci\u00f3n de Internet del sitio desde el que se enlaz\u00f3 con nosotros, cuando proceda<br \/>\nCualquier informaci\u00f3n que proporcione a Propertiespain sobre este sitio web es mantenida y accesible s\u00f3lo por Propertiespain. No venderemos ni compartiremos ninguna informaci\u00f3n que recojamos con organizaciones terceras al menos que por ley sea requerido o mediante proceso legal v\u00e1lido.<\/p>\n<p>Al enviar su informaci\u00f3n en el formulario proporcionado, el usuario acepta que Propertiespain pueda utilizar la informaci\u00f3n proporcionada por usted para enviarle art\u00edculos, promociones o informaci\u00f3n sobre terceros que consideremos puedan ser de su inter\u00e9s. Usted puede cambiar de opini\u00f3n en cualquier momento y se le dar\u00e1 la opci\u00f3n de darse de baja o rechazar futura correspondencia o publicidad directa.<\/p>\n","protected":false},"excerpt":{"rendered":"<p>Desde Propertiespain, tomamos muy en serio la privacidad de los usuarios de nuestra p\u00e1gina web. Reconocemos que cuando nos proporciona datos sobre usted o su negocio, espera que actuemos de forma responsable, nuestro compromiso es asegurarnos de ganar esa confianza. Nuestra pol\u00edtica de c\u00f3mo usamos la informaci\u00f3n que usted nos proporciona, o recogemos a trav\u00e9s [&hellip;]<\/p>\n","protected":false},"author":1,"featured_media":0,"parent":0,"menu_order":0,"comment_status":"closed","ping_status":"open","template":"templates\/privacy.php","meta":{"footnotes":""},"aioseo_notices":[],"_links":{"self":[{"href":"https:\/\/propertiespain.com\/es\/wp-json\/wp\/v2\/pages\/34"}],"collection":[{"href":"https:\/\/propertiespain.com\/es\/wp-json\/wp\/v2\/pages"}],"about":[{"href":"https:\/\/propertiespain.com\/es\/wp-json\/wp\/v2\/types\/page"}],"author":[{"embeddable":true,"href":"https:\/\/propertiespain.com\/es\/wp-json\/wp\/v2\/users\/1"}],"replies":[{"embeddable":true,"href":"https:\/\/propertiespain.com\/es\/wp-json\/wp\/v2\/comments?post=34"}],"version-history":[{"count":4,"href":"https:\/\/propertiespain.com\/es\/wp-json\/wp\/v2\/pages\/34\/revisions"}],"predecessor-version":[{"id":712,"href":"https:\/\/propertiespain.com\/es\/wp-json\/wp\/v2\/pages\/34\/revisions\/712"}],"wp:attachment":[{"href":"https:\/\/propertiespain.com\/es\/wp-json\/wp\/v2\/media?parent=34"}],"curies":[{"name":"wp","href":"https:\/\/api.w.org\/{rel}","templated":true}]}}